{"id":854,"date":"2024-01-29T16:20:43","date_gmt":"2024-01-29T15:20:43","guid":{"rendered":"https:\/\/fredcavender.com\/dev\/daroco\/contact-us\/"},"modified":"2024-03-25T12:35:44","modified_gmt":"2024-03-25T11:35:44","slug":"contact-us","status":"publish","type":"page","link":"https:\/\/www.daroco.com\/en\/contact-us\/","title":{"rendered":"Contact"},"content":{"rendered":"<p><a href=\"https:\/\/www.linkedin.com\/company\/daroco\/\">Our LinkedIn page<\/a><\/p>\n<link rel='stylesheet' id='formidable-css' href='https:\/\/www.daroco.com\/wp-content\/plugins\/formidable\/css\/formidableforms.css?ver=323743' type='text\/css' media='all' \/>\n<div class=\"frm_forms  with_frm_style frm_style_style-formidable frm_full_submit\" id=\"frm_form_2_container\" >\n<form enctype=\"multipart\/form-data\" method=\"post\" class=\"frm-show-form  frm_pro_form \" id=\"form_contact\" >\n<div class=\"frm_form_fields \">\n<fieldset>\n<legend class=\"frm_screen_reader\">Contact<\/legend>\r\n\r\n<div class=\"frm_fields_container\">\n<input type=\"hidden\" name=\"frm_action\" value=\"create\" \/>\n<input type=\"hidden\" name=\"form_id\" value=\"2\" \/>\n<input type=\"hidden\" name=\"frm_hide_fields_2\" id=\"frm_hide_fields_2\" value=\"\" \/>\n<input type=\"hidden\" name=\"form_key\" value=\"contact\" \/>\n<input type=\"hidden\" name=\"item_meta[0]\" value=\"\" \/>\n<input type=\"hidden\" id=\"frm_submit_entry_2\" name=\"frm_submit_entry_2\" value=\"b39109a897\" \/><input type=\"hidden\" name=\"_wp_http_referer\" value=\"\/en\/wp-json\/wp\/v2\/pages\/854\" \/><div id=\"frm_field_6_container\" class=\"frm_form_field form-field  frm_required_field frm_top_container\">\r\n    <label for=\"field_k7j1h\" id=\"field_k7j1h_label\" class=\"frm_primary_label\">Full name\r\n        <span class=\"frm_required\" aria-hidden=\"true\">*<\/span>\r\n    <\/label>\r\n    <input  type=\"text\" id=\"field_k7j1h\" name=\"item_meta[6]\" value=\"\"  maxlength=\"255\" placeholder=\"First and last name\" data-reqmsg=\"Ce champ ne peut pas \u00eatre vide\" aria-required=\"true\" data-invmsg=\"Not valid\" aria-invalid=\"false\"   \/>\r\n    \r\n    \r\n<\/div>\n<div id=\"frm_field_7_container\" class=\"frm_form_field form-field  frm_required_field frm_top_container\">\r\n    <label for=\"field_srwm5\" id=\"field_srwm5_label\" class=\"frm_primary_label\">Email\r\n        <span class=\"frm_required\" aria-hidden=\"true\">*<\/span>\r\n    <\/label>\r\n    <input type=\"email\" id=\"field_srwm5\" name=\"item_meta[7]\" value=\"\"  maxlength=\"255\" placeholder=\"name@mail.com\" data-reqmsg=\"Ce champ ne peut pas \u00eatre vide\" aria-required=\"true\" data-invmsg=\"Email is not valid\" aria-invalid=\"false\"  \/>\r\n    \r\n    \r\n<\/div>\n<div id=\"frm_field_8_container\" class=\"frm_form_field form-field  frm_required_field frm_top_container\">\r\n    <label for=\"field_onu6r\" id=\"field_onu6r_label\" class=\"frm_primary_label\">Subject\r\n        <span class=\"frm_required\" aria-hidden=\"true\"><\/span>\r\n    <\/label>\r\n    \t\t<select name=\"item_meta[8]\" id=\"field_onu6r\"  data-placeholder=\"What are you contacting us about?\"  placeholder=\"What are you contacting us about?\" data-reqmsg=\"This can not be empty\" aria-required=\"true\" data-invmsg=\"Subject is invalid\" aria-invalid=\"false\"  >\n\t\t<option  class=\"frm-select-placeholder\" value=\"\" data-placeholder=\"true\">What are you contacting us about?<\/option><option  value=\"Retour d&#039;exp\u00e9riences\">Feedback<\/option><option  value=\"Objets perdus\">Lost items<\/option><option  value=\"Bo\u00eete \u00e0 id\u00e9es\">Suggestion box<\/option><option  value=\"Ev\u00e9nementiel - Groupes\">Events - Groups<\/option><option  value=\"Recrutement\">Recruitment<\/option><option  value=\"Communication \/ Image\">Communication \/ Image<\/option><option  value=\"Demande presse\">Demande presse<\/option>\t<\/select>\n\t\r\n    \r\n    \r\n<\/div>\n<div id=\"frm_field_9_container\" class=\"frm_form_field form-field  frm_top_container\">\r\n    <label for=\"field_5p6kl\" id=\"field_5p6kl_label\" class=\"frm_primary_label\">Telephone *\r\n        <span class=\"frm_required\" aria-hidden=\"true\"><\/span>\r\n    <\/label>\r\n    <input type=\"tel\" id=\"field_5p6kl\" name=\"item_meta[9]\" value=\"\"  placeholder=\"Phone number\" data-invmsg=\"Phone number is not valid\" aria-invalid=\"false\" pattern=\"((\\+\\d{1,3}(-|.| )?\\(?\\d\\)?(-| |.)?\\d{1,5})|(\\(?\\d{2,6}\\)?))(-|.| )?(\\d{3,4})(-|.| )?(\\d{4})(( x| ext)\\d{1,5}){0,1}$\"  \/>\r\n    \r\n    \r\n<\/div>\n<div id=\"frm_field_12_container\" class=\"frm_form_field form-field  frm_required_field frm_top_container\">\r\n    <label for=\"field_cu8au\" id=\"field_cu8au_label\" class=\"frm_primary_label\">Venue\r\n        <span class=\"frm_required\" aria-hidden=\"true\">*<\/span>\r\n    <\/label>\r\n    \t\t<select name=\"item_meta[12]\" id=\"field_cu8au\"  data-reqmsg=\"The values don&#039;t match\" aria-required=\"true\" data-invmsg=\"Venue est non valide\" aria-invalid=\"false\"  >\n\t\t<option  value=\"\" selected='selected'> <\/option><option  value=\"Daroco Bourse\">Daroco Bourse<\/option><option  value=\"Danico\">Danico<\/option>\t<\/select>\n\t\r\n    \r\n    \r\n<\/div>\n<div id=\"frm_field_10_container\" class=\"frm_form_field form-field  frm_required_field frm_top_container\">\r\n    <label for=\"field_czfad\" id=\"field_czfad_label\" class=\"frm_primary_label\">Message\r\n        <span class=\"frm_required\" aria-hidden=\"true\">*<\/span>\r\n    <\/label>\r\n    <textarea name=\"item_meta[10]\" id=\"field_czfad\" rows=\"5\"  placeholder=\"Your message...\" data-reqmsg=\"Message can&#039;t be ampty\" aria-required=\"true\" data-invmsg=\"Not valid\" aria-invalid=\"false\"  ><\/textarea>\r\n    \r\n    \r\n<\/div>\n<div id=\"frm_field_11_container\" class=\"frm_form_field form-field  frm_required_field frm_none_container rgpd-field vertical_radio\">\r\n    <div  id=\"field_c3hhf_label\" class=\"frm_primary_label\">Personal data\r\n        <span class=\"frm_required\" aria-hidden=\"true\">*<\/span>\r\n    <\/div>\r\n    <div class=\"frm_opt_container\" aria-labelledby=\"field_c3hhf_label\" role=\"group\">\t\t<div class=\"frm_checkbox\" id=\"frm_checkbox_11-0\">\t\t\t<label  for=\"field_c3hhf-0\">\n\t\t\t<input type=\"checkbox\" name=\"item_meta[11][]\" id=\"field_c3hhf-0\" value=\"&lt;span&gt;J\u2019accepte que mes donn\u00e9es soient conserv\u00e9es par DAROCO dans le stricte cadre de cette demande de contact. &lt;br&gt;&lt;a href=&quot;https:\/\/www.daroco.com\/mentions-legales\/&quot;&gt;Voir notre Politique de confidentialit\u00e9&lt;\/a&gt;&lt;\/span&gt;\"  data-reqmsg=\"Personal data can&#039;t be ampty\" data-invmsg=\"Personal data is invalid\"   aria-required=\"true\"  \/> <span> I agree to my data being kept by DAROCO within the strict context of this contact request. <br><a href=\"https:\/\/www.daroco.com\/mentions-legales\/\">See our Privacy policy<\/a><\/span><\/label><\/div>\n<\/div>\r\n    \r\n    \r\n<\/div>\n<div id=\"frm_field_13_container\" class=\"frm_form_field form-field \">\r\n\t<div class=\"frm_submit frm_flex\">\r\n<button class=\"frm_button_submit frm_final_submit\" type=\"submit\"   formnovalidate=\"formnovalidate\">Send your message<\/button>\r\n\r\n\r\n\r\n<\/div>\r\n<\/div>\n\t<input type=\"hidden\" name=\"item_key\" value=\"\" \/>\n\t\t\t<div id=\"frm_field_14_container\">\n\t\t\t<label for=\"field_6zal4\" >\n\t\t\t\tIf you are human, leave this field blank.\t\t\t<\/label>\n\t\t\t<input  id=\"field_6zal4\" type=\"text\" class=\"frm_form_field form-field frm_verify\" name=\"item_meta[14]\" value=\"\"  \/>\n\t\t<\/div>\n\t\t<input name=\"frm_state\" type=\"hidden\" value=\"M4U\/Kd8wstvV517iYd1lbwfHSIZB5\/egRp8YbHSZYrwFZRuZrbMvxiaCy\/tbxz0oQe3ZNfW8mpAlXEw3hXG3dQ==\" \/><\/div>\n<\/fieldset>\n<\/div>\n\n<\/form>\n<\/div>\n\n","protected":false},"excerpt":{"rendered":"<p>Our LinkedIn page<\/p>\n","protected":false},"author":1,"featured_media":0,"parent":0,"menu_order":0,"comment_status":"closed","ping_status":"closed","template":"","meta":{"_acf_changed":false,"footnotes":""},"class_list":["post-854","page","type-page","status-publish","hentry"],"acf":[],"yoast_head":"<!-- This site is optimized with the Yoast SEO plugin v27.3 - https:\/\/yoast.com\/product\/yoast-seo-wordpress\/ -->\n<title>Contact - Daroco<\/title>\n<meta name=\"robots\" content=\"index, follow, max-snippet:-1, max-image-preview:large, max-video-preview:-1\" \/>\n<link rel=\"canonical\" href=\"http:\/\/www.daroco.com\/en\/contact-us\/\" \/>\n<meta property=\"og:locale\" content=\"en_US\" \/>\n<meta property=\"og:type\" content=\"article\" \/>\n<meta property=\"og:title\" content=\"Contact - Daroco\" \/>\n<meta property=\"og:description\" content=\"Our LinkedIn page\" \/>\n<meta property=\"og:url\" content=\"http:\/\/www.daroco.com\/en\/contact-us\/\" \/>\n<meta property=\"og:site_name\" content=\"Daroco\" \/>\n<meta property=\"article:modified_time\" content=\"2024-03-25T11:35:44+00:00\" \/>\n<meta property=\"og:image\" content=\"https:\/\/www.daroco.com\/wp-content\/uploads\/2024\/02\/AM2A5777-2100x1400.jpg\" \/>\n\t<meta property=\"og:image:width\" content=\"2200\" \/>\n\t<meta property=\"og:image:height\" content=\"1467\" \/>\n\t<meta property=\"og:image:type\" content=\"image\/jpeg\" \/>\n<meta name=\"twitter:card\" content=\"summary_large_image\" \/>\n<script type=\"application\/ld+json\" class=\"yoast-schema-graph\">{\"@context\":\"https:\\\/\\\/schema.org\",\"@graph\":[{\"@type\":\"WebPage\",\"@id\":\"http:\\\/\\\/www.daroco.com\\\/en\\\/contact-us\\\/\",\"url\":\"http:\\\/\\\/www.daroco.com\\\/en\\\/contact-us\\\/\",\"name\":\"Contact - Daroco\",\"isPartOf\":{\"@id\":\"https:\\\/\\\/www.daroco.com\\\/#website\"},\"datePublished\":\"2024-01-29T15:20:43+00:00\",\"dateModified\":\"2024-03-25T11:35:44+00:00\",\"breadcrumb\":{\"@id\":\"http:\\\/\\\/www.daroco.com\\\/en\\\/contact-us\\\/#breadcrumb\"},\"inLanguage\":\"en-US\",\"potentialAction\":[{\"@type\":\"ReadAction\",\"target\":[\"http:\\\/\\\/www.daroco.com\\\/en\\\/contact-us\\\/\"]}]},{\"@type\":\"BreadcrumbList\",\"@id\":\"http:\\\/\\\/www.daroco.com\\\/en\\\/contact-us\\\/#breadcrumb\",\"itemListElement\":[{\"@type\":\"ListItem\",\"position\":1,\"name\":\"Accueil\",\"item\":\"http:\\\/\\\/www.daroco.com\\\/en\\\/\"},{\"@type\":\"ListItem\",\"position\":2,\"name\":\"Contact\"}]},{\"@type\":\"WebSite\",\"@id\":\"https:\\\/\\\/www.daroco.com\\\/#website\",\"url\":\"https:\\\/\\\/www.daroco.com\\\/\",\"name\":\"Daroco\",\"description\":\"Restaurants italiens \u00e0 Paris et Londres\",\"publisher\":{\"@id\":\"https:\\\/\\\/www.daroco.com\\\/#organization\"},\"potentialAction\":[{\"@type\":\"SearchAction\",\"target\":{\"@type\":\"EntryPoint\",\"urlTemplate\":\"https:\\\/\\\/www.daroco.com\\\/?s={search_term_string}\"},\"query-input\":{\"@type\":\"PropertyValueSpecification\",\"valueRequired\":true,\"valueName\":\"search_term_string\"}}],\"inLanguage\":\"en-US\"},{\"@type\":\"Organization\",\"@id\":\"https:\\\/\\\/www.daroco.com\\\/#organization\",\"name\":\"Daroco\",\"url\":\"https:\\\/\\\/www.daroco.com\\\/\",\"logo\":{\"@type\":\"ImageObject\",\"inLanguage\":\"en-US\",\"@id\":\"https:\\\/\\\/www.daroco.com\\\/#\\\/schema\\\/logo\\\/image\\\/\",\"url\":\"https:\\\/\\\/www.daroco.com\\\/wp-content\\\/uploads\\\/2024\\\/03\\\/logo-daroco.png\",\"contentUrl\":\"https:\\\/\\\/www.daroco.com\\\/wp-content\\\/uploads\\\/2024\\\/03\\\/logo-daroco.png\",\"width\":400,\"height\":378,\"caption\":\"Daroco\"},\"image\":{\"@id\":\"https:\\\/\\\/www.daroco.com\\\/#\\\/schema\\\/logo\\\/image\\\/\"}}]}<\/script>\n<!-- \/ Yoast SEO plugin. -->","yoast_head_json":{"title":"Contact - Daroco","robots":{"index":"index","follow":"follow","max-snippet":"max-snippet:-1","max-image-preview":"max-image-preview:large","max-video-preview":"max-video-preview:-1"},"canonical":"http:\/\/www.daroco.com\/en\/contact-us\/","og_locale":"en_US","og_type":"article","og_title":"Contact - Daroco","og_description":"Our LinkedIn page","og_url":"http:\/\/www.daroco.com\/en\/contact-us\/","og_site_name":"Daroco","article_modified_time":"2024-03-25T11:35:44+00:00","og_image":[{"width":2200,"height":1467,"url":"https:\/\/www.daroco.com\/wp-content\/uploads\/2024\/02\/AM2A5777-2100x1400.jpg","type":"image\/jpeg"}],"twitter_card":"summary_large_image","schema":{"@context":"https:\/\/schema.org","@graph":[{"@type":"WebPage","@id":"http:\/\/www.daroco.com\/en\/contact-us\/","url":"http:\/\/www.daroco.com\/en\/contact-us\/","name":"Contact - Daroco","isPartOf":{"@id":"https:\/\/www.daroco.com\/#website"},"datePublished":"2024-01-29T15:20:43+00:00","dateModified":"2024-03-25T11:35:44+00:00","breadcrumb":{"@id":"http:\/\/www.daroco.com\/en\/contact-us\/#breadcrumb"},"inLanguage":"en-US","potentialAction":[{"@type":"ReadAction","target":["http:\/\/www.daroco.com\/en\/contact-us\/"]}]},{"@type":"BreadcrumbList","@id":"http:\/\/www.daroco.com\/en\/contact-us\/#breadcrumb","itemListElement":[{"@type":"ListItem","position":1,"name":"Accueil","item":"http:\/\/www.daroco.com\/en\/"},{"@type":"ListItem","position":2,"name":"Contact"}]},{"@type":"WebSite","@id":"https:\/\/www.daroco.com\/#website","url":"https:\/\/www.daroco.com\/","name":"Daroco","description":"Restaurants italiens \u00e0 Paris et Londres","publisher":{"@id":"https:\/\/www.daroco.com\/#organization"},"potentialAction":[{"@type":"SearchAction","target":{"@type":"EntryPoint","urlTemplate":"https:\/\/www.daroco.com\/?s={search_term_string}"},"query-input":{"@type":"PropertyValueSpecification","valueRequired":true,"valueName":"search_term_string"}}],"inLanguage":"en-US"},{"@type":"Organization","@id":"https:\/\/www.daroco.com\/#organization","name":"Daroco","url":"https:\/\/www.daroco.com\/","logo":{"@type":"ImageObject","inLanguage":"en-US","@id":"https:\/\/www.daroco.com\/#\/schema\/logo\/image\/","url":"https:\/\/www.daroco.com\/wp-content\/uploads\/2024\/03\/logo-daroco.png","contentUrl":"https:\/\/www.daroco.com\/wp-content\/uploads\/2024\/03\/logo-daroco.png","width":400,"height":378,"caption":"Daroco"},"image":{"@id":"https:\/\/www.daroco.com\/#\/schema\/logo\/image\/"}}]}},"_links":{"self":[{"href":"https:\/\/www.daroco.com\/en\/wp-json\/wp\/v2\/pages\/854","targetHints":{"allow":["GET"]}}],"collection":[{"href":"https:\/\/www.daroco.com\/en\/wp-json\/wp\/v2\/pages"}],"about":[{"href":"https:\/\/www.daroco.com\/en\/wp-json\/wp\/v2\/types\/page"}],"author":[{"embeddable":true,"href":"https:\/\/www.daroco.com\/en\/wp-json\/wp\/v2\/users\/1"}],"replies":[{"embeddable":true,"href":"https:\/\/www.daroco.com\/en\/wp-json\/wp\/v2\/comments?post=854"}],"version-history":[{"count":3,"href":"https:\/\/www.daroco.com\/en\/wp-json\/wp\/v2\/pages\/854\/revisions"}],"predecessor-version":[{"id":900,"href":"https:\/\/www.daroco.com\/en\/wp-json\/wp\/v2\/pages\/854\/revisions\/900"}],"wp:attachment":[{"href":"https:\/\/www.daroco.com\/en\/wp-json\/wp\/v2\/media?parent=854"}],"curies":[{"name":"wp","href":"https:\/\/api.w.org\/{rel}","templated":true}]}}